{"id":1648,"date":"2023-03-16T13:53:41","date_gmt":"2023-03-16T13:53:41","guid":{"rendered":"https:\/\/tecnologia.vamtam.com\/?page_id=1648"},"modified":"2025-08-18T13:13:32","modified_gmt":"2025-08-18T11:13:32","slug":"privacy-policy","status":"publish","type":"page","link":"https:\/\/www.tekve.fi\/en\/privacy-policy\/","title":{"rendered":"Privacy Policy"},"content":{"rendered":"<div data-elementor-type=\"wp-page\" data-elementor-id=\"1648\" class=\"elementor elementor-1648\" data-elementor-post-type=\"page\">\n\t\t\t\t\t\t<section class=\"elementor-section elementor-top-section elementor-element elementor-element-6c5644c elementor-section-boxed elementor-section-height-default elementor-section-height-default\" data-id=\"6c5644c\" data-element_type=\"section\">\n\t\t\t\t\t\t<div class=\"elementor-container elementor-column-gap-default\">\n\t\t\t\t\t<div class=\"elementor-column elementor-col-100 elementor-top-column elementor-element elementor-element-759c98e\" data-id=\"759c98e\" data-element_type=\"column\">\n\t\t\t<div class=\"elementor-widget-wrap elementor-element-populated\">\n\t\t\t\t\t\t<div class=\"elementor-element elementor-element-9af75f0 animated-slow elementor-invisible elementor-widget elementor-widget-heading\" data-id=\"9af75f0\" data-element_type=\"widget\" data-settings=\"{&quot;_animation&quot;:&quot;fadeIn&quot;,&quot;_animation_tablet&quot;:&quot;none&quot;}\" data-widget_type=\"heading.default\">\n\t\t\t\t\t<h1 class=\"elementor-heading-title elementor-size-default\">Privacy Policy<\/h1>\t\t\t\t<\/div>\n\t\t\t\t<div class=\"elementor-element elementor-element-88a728c animated-slow elementor-invisible elementor-widget elementor-widget-heading\" data-id=\"88a728c\" data-element_type=\"widget\" data-settings=\"{&quot;_animation&quot;:&quot;fadeIn&quot;,&quot;_animation_tablet&quot;:&quot;none&quot;,&quot;_animation_delay&quot;:300}\" data-widget_type=\"heading.default\">\n\t\t\t\t\t<p class=\"elementor-heading-title elementor-size-default\">Tekve Oy<\/p>\t\t\t\t<\/div>\n\t\t\t\t<div class=\"elementor-element elementor-element-31a03c4 elementor-widget elementor-widget-spacer\" data-id=\"31a03c4\" data-element_type=\"widget\" data-widget_type=\"spacer.default\">\n\t\t\t\t\t\t\t<div class=\"elementor-spacer\">\n\t\t\t<div class=\"elementor-spacer-inner\"><\/div>\n\t\t<\/div>\n\t\t\t\t\t\t<\/div>\n\t\t\t\t\t<\/div>\n\t\t<\/div>\n\t\t\t\t\t<\/div>\n\t\t<\/section>\n\t\t\t\t<section class=\"elementor-section elementor-top-section elementor-element elementor-element-1fcb2d8 elementor-section-boxed elementor-section-height-default elementor-section-height-default\" data-id=\"1fcb2d8\" data-element_type=\"section\">\n\t\t\t\t\t\t<div class=\"elementor-container elementor-column-gap-no\">\n\t\t\t\t\t<div class=\"elementor-column elementor-col-100 elementor-top-column elementor-element elementor-element-5923213\" data-id=\"5923213\" data-element_type=\"column\">\n\t\t\t<div class=\"elementor-widget-wrap elementor-element-populated\">\n\t\t\t\t\t\t<div class=\"elementor-element elementor-element-6acf5a5 elementor-widget elementor-widget-heading\" data-id=\"6acf5a5\" data-element_type=\"widget\" data-widget_type=\"heading.default\">\n\t\t\t\t\t<h3 class=\"elementor-heading-title elementor-size-default\">Luottamuksesi on meille t\u00e4rke\u00e4\u00e4\n<\/h3>\t\t\t\t<\/div>\n\t\t\t\t<div class=\"elementor-element elementor-element-d10225c elementor-widget elementor-widget-text-editor\" data-id=\"d10225c\" data-element_type=\"widget\" data-widget_type=\"text-editor.default\">\n\t\t\t\t\t\t\t\t\t<p>Olemme sitoutuneet suojaamaan k\u00e4ytt\u00e4jiemme yksityisyytt\u00e4. K\u00e4sittelem\u00e4mme tiedot voidaan jakaa: k\u00e4ytt\u00e4j\u00e4n antamiin, verkkopalveluiden k\u00e4yt\u00f6st\u00e4 havainnoituihin ja analytiikan avulla johdettuihin tietoihin.<\/p><p>K\u00e4yt\u00e4mme dataa palveluiden toimittamiseen ja personointiin, asiakaspalveluun ja tuotekehitykseen.<\/p>\t\t\t\t\t\t\t\t<\/div>\n\t\t\t\t<div class=\"elementor-element elementor-element-4a7087e elementor-widget elementor-widget-heading\" data-id=\"4a7087e\" data-element_type=\"widget\" data-widget_type=\"heading.default\">\n\t\t\t\t\t<h3 class=\"elementor-heading-title elementor-size-default\">1. Yleist\u00e4<\/h3>\t\t\t\t<\/div>\n\t\t\t\t<div class=\"elementor-element elementor-element-ff17bec elementor-widget elementor-widget-text-editor\" data-id=\"ff17bec\" data-element_type=\"widget\" data-widget_type=\"text-editor.default\">\n\t\t\t\t\t\t\t\t\t<p>Tietosuojasi on meille t\u00e4rke\u00e4\u00e4. T\u00e4ss\u00e4 dokumentissa kerrotaan, mit\u00e4 henkil\u00f6tietoja Tekve Oy voi ker\u00e4t\u00e4 sinusta, kun k\u00e4yt\u00e4t tekve.fi verkkosivuja ja\/tai palveluita. T\u00e4ll\u00e4 tietosuojalausekkeella varmistamme noudattavamme EU:n yleisen tietoturva-asetuksen (GDPR) turvallisuus- ja yksityisyyss\u00e4\u00e4nn\u00f6ksi\u00e4 sek\u00e4 Suomen lakia.<\/p><p>Tekve toimii Euroopan unionin tietosuojalakien ja Suomen lains\u00e4\u00e4d\u00e4nn\u00f6n mukaisesti. Tekve k\u00e4sittelee henkil\u00f6tietoja hyv\u00e4n k\u00e4sittelytavan mukaisesti ja tietoturvallisin v\u00e4linein. T\u00e4ss\u00e4 dokumentissa kerrotaan lis\u00e4ksi tekve.fi verkkosivustojen k\u00e4ytt\u00f6ehdoista. Kaikki oikeudet tekve.fi verkkopalveluihin ja verkkosivuihin sek\u00e4 niiden sis\u00e4lt\u00f6ihin pid\u00e4tet\u00e4\u00e4n. K\u00e4ytt\u00e4m\u00e4ll\u00e4 tekve.fi verkkosivuja ja\/tai verkkopalveluita sitoudutte noudattamaan t\u00e4m\u00e4n dokumentin ehtoja. Kehotamme lukemaan dokumentin kokonaisuudessaan ennen verkkosivujen tai verkkopalveluiden k\u00e4ytt\u00f6\u00e4.<\/p><p><strong>Palveluntuottaja ja rekisterinpit\u00e4j\u00e4:<\/strong><\/p><p class=\"p1\">Tekve Oy<\/p><p class=\"p1\">Urho Kekkosen Katu 8 B 20, 00100 Helsinki<\/p><p class=\"p1\">+358 41 311 9277<\/p><p class=\"p1\">toimisto@tekve.fi<\/p><p class=\"p1\">Business ID: 3214617-8<\/p><p class=\"p1\"><b>Yhteyshenkil\u00f6<\/b><\/p><p class=\"p1\">Valtteri Kinnunen<\/p><p class=\"p1\">+358 45 355 1470<\/p><p class=\"p1\">valtteri@tekve.fi<\/p>\t\t\t\t\t\t\t\t<\/div>\n\t\t\t\t<div class=\"elementor-element elementor-element-066c896 elementor-widget elementor-widget-heading\" data-id=\"066c896\" data-element_type=\"widget\" data-widget_type=\"heading.default\">\n\t\t\t\t\t<h3 class=\"elementor-heading-title elementor-size-default\">2. S\u00e4hk\u00f6isiss\u00e4 ymp\u00e4rist\u00f6iss\u00e4 ker\u00e4\u00e4m\u00e4mme henkil\u00f6kohtaiset tiedot\n<\/h3>\t\t\t\t<\/div>\n\t\t\t\t<div class=\"elementor-element elementor-element-783a250 elementor-widget elementor-widget-text-editor\" data-id=\"783a250\" data-element_type=\"widget\" data-widget_type=\"text-editor.default\">\n\t\t\t\t\t\t\t\t\t<p>Henkil\u00f6tiedoilla tarkoitetaan informaatiota, josta luonnollinen henkil\u00f6 voi olla tunnistettavissa. Informaatio voi olla esimerkiksi kirjallisessa, kuvallisessa tai digitaalisessa muodossa. Henkil\u00f6tietojen lis\u00e4ksi asiakkaasta voidaan ker\u00e4t\u00e4 my\u00f6s yksil\u00f6im\u00e4t\u00f6nt\u00e4 ja tunnisteetonta tietoa, kuten k\u00e4ytt\u00f6j\u00e4rjestelmiin tallentuvaa dataa.<\/p><p>Henkil\u00f6tietoja voivat olla esimerkiksi nimitiedot, yhteystiedot (osoite, puhelinnumero, s\u00e4hk\u00f6postiosoite), henkil\u00f6tunnukset, laskutukseen liittyv\u00e4t tiedot ja muut tarvittavat taloudelliset tiedot, tiedot tilatuista palveluista tai tuotteista sek\u00e4 niihin liittyvist\u00e4 muutoksista, sek\u00e4 muut asiakassuhteeseen tai tilauksiin liittyv\u00e4t tiedot.<\/p><p>Henkil\u00f6tietoja voidaan ker\u00e4t\u00e4 s\u00e4hk\u00f6isten alustojen kautta, esimerkiksi kyselyiden, verkkolomakkeiden tai yhteydenottopyynt\u00f6jen kautta.<\/p><p>Tekve k\u00e4ytt\u00e4\u00e4 ker\u00e4\u00e4mi\u00e4\u00e4n tietoja tietoturvapalveluiden tarjoamiseen. Henkil\u00f6tietoja voidaan k\u00e4ytt\u00e4\u00e4 my\u00f6s markkinointitarkoituksiin, laskutukseen, yhteydenpitoon ja asiakassuhteen hallinnointiin<\/p><p>Lis\u00e4ksi Tekve voi k\u00e4ytt\u00e4\u00e4 ker\u00e4\u00e4mi\u00e4\u00e4n tietoja tutkimusty\u00f6h\u00f6n. Tutkimuksissa k\u00e4ytetty tieto anonymisoidaan. T\u00e4ll\u00f6in tunnistettavuus estet\u00e4\u00e4n peruuttamattomasti. Tutkimusty\u00f6ss\u00e4 k\u00e4ytett\u00e4v\u00e4t tiedot eiv\u00e4t siten ole palautettavissa yksitt\u00e4ist\u00e4 luonnollista henkil\u00f6\u00e4 tunnistavaksi tiedoksi.<\/p>\t\t\t\t\t\t\t\t<\/div>\n\t\t\t\t<div class=\"elementor-element elementor-element-d40b075 elementor-widget elementor-widget-heading\" data-id=\"d40b075\" data-element_type=\"widget\" data-widget_type=\"heading.default\">\n\t\t\t\t\t<h3 class=\"elementor-heading-title elementor-size-default\">3. Kuinka k\u00e4yt\u00e4mme henkil\u00f6kohtaisia tietoja<\/h3>\t\t\t\t<\/div>\n\t\t\t\t<div class=\"elementor-element elementor-element-9e1f706 elementor-widget elementor-widget-text-editor\" data-id=\"9e1f706\" data-element_type=\"widget\" data-widget_type=\"text-editor.default\">\n\t\t\t\t\t\t\t\t\t<p>Henkil\u00f6tietoja k\u00e4sitell\u00e4\u00e4n tietoturvallisin v\u00e4linein ja j\u00e4rjestelmin. P\u00e4\u00e4sy henkil\u00f6tietojen tarkasteluun on rajoitettu vain sellaisille henkil\u00f6ille, joille henkil\u00f6tietojen tarkastelu on tarpeellista ty\u00f6n suorittamiseksi.<\/p><p>Henkil\u00f6tietoja sis\u00e4lt\u00e4v\u00e4t tiedot on l\u00e4hetett\u00e4v\u00e4 turvallisella yhteydell\u00e4. Yhti\u00f6 ei vastaa mist\u00e4\u00e4n avoimessa tietoverkossa l\u00e4hetetyist\u00e4 viesteist\u00e4 aiheutuvista v\u00e4litt\u00f6mist\u00e4 ja\/tai v\u00e4lillisist\u00e4 vahingoista.<\/p>\t\t\t\t\t\t\t\t<\/div>\n\t\t\t\t<div class=\"elementor-element elementor-element-b53924d elementor-widget elementor-widget-heading\" data-id=\"b53924d\" data-element_type=\"widget\" data-widget_type=\"heading.default\">\n\t\t\t\t\t<h3 class=\"elementor-heading-title elementor-size-default\">4. Tietojen luovutus<\/h3>\t\t\t\t<\/div>\n\t\t\t\t<div class=\"elementor-element elementor-element-74009de elementor-widget elementor-widget-text-editor\" data-id=\"74009de\" data-element_type=\"widget\" data-widget_type=\"text-editor.default\">\n\t\t\t\t\t\t\t\t\t<p>Asiakkaiden tietoja voidaan luovuttaa kolmansille osapuolille asiakkaan erillisell\u00e4 luvalla, esimerkiksi suoratoimituksia varten. Tietoja voidaan tarvittaessa luovuttaa rekisterinpit\u00e4j\u00e4n toimesta my\u00f6s EU- ja ETA-alueen ulkopuolelle.<\/p><p>Asiakkaiden tietoja voi k\u00e4yd\u00e4 ilmi luotetuille kolmansille osapuolille esimerkiksi laskutuksen yhteydess\u00e4 (mm. pankkij\u00e4rjestelm\u00e4t), kirjanpidollisissa toimissa (mm. tilitoimisto) tai perint\u00e4toimissa (mm. verottaja, ulosottotoimisto sek\u00e4 viranomaiset).<\/p>\t\t\t\t\t\t\t\t<\/div>\n\t\t\t\t<div class=\"elementor-element elementor-element-0607703 elementor-widget elementor-widget-heading\" data-id=\"0607703\" data-element_type=\"widget\" data-widget_type=\"heading.default\">\n\t\t\t\t\t<h3 class=\"elementor-heading-title elementor-size-default\">5. Henkil\u00f6kohtaisten tietojen katselu ja hallinta<\/h3>\t\t\t\t<\/div>\n\t\t\t\t<div class=\"elementor-element elementor-element-c31be01 elementor-widget elementor-widget-text-editor\" data-id=\"c31be01\" data-element_type=\"widget\" data-widget_type=\"text-editor.default\">\n\t\t\t\t\t\t\t\t\t<p class=\"p1\">Tekve voi keskeytt\u00e4\u00e4 s\u00e4hk\u00f6isten palvelualustojen k\u00e4yt\u00f6n esimerkiksi huoltotoimenpiteiden ajaksi.<\/p>\t\t\t\t\t\t\t\t<\/div>\n\t\t\t\t<div class=\"elementor-element elementor-element-7bca1fc elementor-widget elementor-widget-heading\" data-id=\"7bca1fc\" data-element_type=\"widget\" data-widget_type=\"heading.default\">\n\t\t\t\t\t<h3 class=\"elementor-heading-title elementor-size-default\">6. Ev\u00e4steet ja vastaavat tekniikat<\/h3>\t\t\t\t<\/div>\n\t\t\t\t<div class=\"elementor-element elementor-element-b26fe11 elementor-widget elementor-widget-text-editor\" data-id=\"b26fe11\" data-element_type=\"widget\" data-widget_type=\"text-editor.default\">\n\t\t\t\t\t\t\t\t\t<p>Tekve k\u00e4ytt\u00e4\u00e4 ev\u00e4steit\u00e4 ja vastaavia tekniikoita sivustojen ja verkkopalveluiden tarjoamiseen ja tietojen ker\u00e4\u00e4miseen. Ev\u00e4steiden avulla Tekve voi mm. k\u00e4ytt\u00e4j\u00e4n tallentaa asetukset, mahdollistaa sis\u00e4\u00e4nkirjautumisen sek\u00e4 analysoida sivustojen toimintaa.<\/p><p>Tekve sitoutuu huolehtimaan henkil\u00f6tietojen k\u00e4sittelyss\u00e4 k\u00e4ytett\u00e4vien laitteiden ja j\u00e4rjestelmien tietoturvallisuudesta. Tekve ei kuitenkaan vastaa esimerkiksi sellaisten pankkien tai tilitoimistojen tietoturvasta, jotka saattavat v\u00e4lillisesti k\u00e4sitell\u00e4 yrityksen asiakastietoja.<\/p>\t\t\t\t\t\t\t\t<\/div>\n\t\t\t\t<div class=\"elementor-element elementor-element-41cd3de elementor-widget elementor-widget-heading\" data-id=\"41cd3de\" data-element_type=\"widget\" data-widget_type=\"heading.default\">\n\t\t\t\t\t<h3 class=\"elementor-heading-title elementor-size-default\">7. Tietosuojaoikeudet<\/h3>\t\t\t\t<\/div>\n\t\t\t\t<div class=\"elementor-element elementor-element-4b09546 elementor-widget elementor-widget-text-editor\" data-id=\"4b09546\" data-element_type=\"widget\" data-widget_type=\"text-editor.default\">\n\t\t\t\t\t\t\t\t\t<p>Tekven asiakkaalla on seuraavat oikeudet:<\/p><p>Jokaisella yrityksen asiakkaalla on oikeus pyyt\u00e4\u00e4 tietoonsa t\u00e4st\u00e4 s\u00e4ilytetyt henkil\u00f6tiedot, vaatia mahdollisen virheen korjaamista tai puutteellisen tiedon t\u00e4ydent\u00e4mist\u00e4. Mik\u00e4li henkil\u00f6 vaatii t\u00e4st\u00e4 tallennettujen tietojen tarkastamista tai oikaisua, tulee pyynt\u00f6 tehd\u00e4 kirjallisesti rekisterinpit\u00e4j\u00e4lle. Rekisterinpit\u00e4j\u00e4 voi pyyt\u00e4\u00e4 pyynn\u00f6n esitt\u00e4j\u00e4\u00e4 todentamaan henkil\u00f6llisyytens\u00e4. Rekisterinpit\u00e4j\u00e4 vastaa pyynn\u00f6n esitt\u00e4j\u00e4lle EU:n tietosuoja-asetuksen m\u00e4\u00e4r\u00e4\u00e4m\u00e4ss\u00e4 ajassa.<\/p><p>Henkil\u00f6ll\u00e4 on oikeus pyyt\u00e4\u00e4 tietojensa poistamista yrityksen k\u00e4yt\u00f6st\u00e4. Henkil\u00f6 voi my\u00f6s pyyt\u00e4\u00e4 tietojensa k\u00e4yt\u00f6n rajoittamista EU:n tietosuoja-asetuksen m\u00e4\u00e4r\u00e4\u00e4miss\u00e4 puitteissa. My\u00f6s n\u00e4m\u00e4 pyynn\u00f6t tulee l\u00e4hett\u00e4\u00e4 rekisterinpit\u00e4j\u00e4lle kirjallisesti. Rekisterinpit\u00e4j\u00e4 voi pyyt\u00e4\u00e4 pyynn\u00f6n esitt\u00e4j\u00e4\u00e4 todentamaan henkil\u00f6llisyytens\u00e4. Rekisterinpit\u00e4j\u00e4 vastaa pyynn\u00f6n esitt\u00e4j\u00e4lle EU:n tietosuoja-asetuksen m\u00e4\u00e4r\u00e4\u00e4m\u00e4ss\u00e4 ajassa.<\/p>\t\t\t\t\t\t\t\t<\/div>\n\t\t\t\t\t<\/div>\n\t\t<\/div>\n\t\t\t\t\t<\/div>\n\t\t<\/section>\n\t\t\t\t<\/div>","protected":false},"excerpt":{"rendered":"<p>Tietosuojaseloste Tekve Oy Luottamuksesi on meille t\u00e4rke\u00e4\u00e4 Olemme sitoutuneet suojaamaan k\u00e4ytt\u00e4jiemme yksityisyytt\u00e4. K\u00e4sittelem\u00e4mme tiedot voidaan jakaa: k\u00e4ytt\u00e4j\u00e4n antamiin, verkkopalveluiden k\u00e4yt\u00f6st\u00e4 havainnoituihin ja analytiikan avulla johdettuihin tietoihin. K\u00e4yt\u00e4mme dataa palveluiden toimittamiseen ja personointiin, asiakaspalveluun ja tuotekehitykseen. 1. Yleist\u00e4 Tietosuojasi on meille t\u00e4rke\u00e4\u00e4. T\u00e4ss\u00e4 dokumentissa kerrotaan, mit\u00e4 henkil\u00f6tietoja Tekve Oy voi ker\u00e4t\u00e4 sinusta, kun k\u00e4yt\u00e4t tekve.fi verkkosivuja&#8230;<\/p>","protected":false},"author":1,"featured_media":0,"parent":0,"menu_order":0,"comment_status":"closed","ping_status":"closed","template":"","meta":{"om_disable_all_campaigns":false,"_monsterinsights_skip_tracking":false,"_monsterinsights_sitenote_active":false,"_monsterinsights_sitenote_note":"","_monsterinsights_sitenote_category":0,"footnotes":""},"class_list":["post-1648","page","type-page","status-publish","hentry"],"aioseo_notices":[],"_links":{"self":[{"href":"https:\/\/www.tekve.fi\/en\/wp-json\/wp\/v2\/pages\/1648","targetHints":{"allow":["GET"]}}],"collection":[{"href":"https:\/\/www.tekve.fi\/en\/wp-json\/wp\/v2\/pages"}],"about":[{"href":"https:\/\/www.tekve.fi\/en\/wp-json\/wp\/v2\/types\/page"}],"author":[{"embeddable":true,"href":"https:\/\/www.tekve.fi\/en\/wp-json\/wp\/v2\/users\/1"}],"replies":[{"embeddable":true,"href":"https:\/\/www.tekve.fi\/en\/wp-json\/wp\/v2\/comments?post=1648"}],"version-history":[{"count":13,"href":"https:\/\/www.tekve.fi\/en\/wp-json\/wp\/v2\/pages\/1648\/revisions"}],"predecessor-version":[{"id":990959,"href":"https:\/\/www.tekve.fi\/en\/wp-json\/wp\/v2\/pages\/1648\/revisions\/990959"}],"wp:attachment":[{"href":"https:\/\/www.tekve.fi\/en\/wp-json\/wp\/v2\/media?parent=1648"}],"curies":[{"name":"wp","href":"https:\/\/api.w.org\/{rel}","templated":true}]}}